{"id":2610,"date":"2013-05-06T19:16:29","date_gmt":"2013-05-06T19:16:29","guid":{"rendered":"http:\/\/aiglesias.com\/?page_id=2610"},"modified":"2014-03-01T07:51:25","modified_gmt":"2014-03-01T07:51:25","slug":"auditorias","status":"publish","type":"page","link":"https:\/\/aiglesias.com\/?page_id=2610","title":{"rendered":"Auditor\u00edas"},"content":{"rendered":"<h3><strong>Buenas pr\u00e1cticas en buscadores<\/strong><\/h3>\n<ul>\n<li>Establecer las bases m\u00ednimas requeridas por los motores de b\u00fasqueda.<\/li>\n<li>Verificar que se cumplen las buenas pr\u00e1cticas que recomiendan los buscadores.<\/li>\n<li>Informe poco traum\u00e1tico a nivel t\u00e9cnico<\/li>\n<li>Aporta cantidades de tr\u00e1fico interesantes.<\/li>\n<li>Auditor\u00eda que se centra en detectar posibles problemas del sitio.<\/li>\n<li>Plazo de entrega 15 d\u00edas<\/li>\n<li>Resultados entre las 4 a 12 semanas de su aplicaci\u00f3n<\/li>\n<\/ul>\n<h3><strong>Arquitectura de la informaci\u00f3n<\/strong><\/h3>\n<ul>\n<li>Se genera una arquitectura de la informaci\u00f3n para los contenidos y la escalabilidad del proyecto.<\/li>\n<li>Los resultados son visibles por la arquitectura de las direcciones URL del sitio:\n<ul>\n<li>Suele implicar bastantes cambios t\u00e9cnicos dependiendo de la tecnolog\u00eda que se utilice, por lo que requiere mucha implicaci\u00f3n del departamento t\u00e9cnico.<\/li>\n<li>Habitualmente afecta de forma negativa al tr\u00e1fico org\u00e1nico al inicio de su aplicaci\u00f3n.<\/li>\n<\/ul>\n<\/li>\n<li>Plazo de entrega 15 d\u00edas<\/li>\n<li>Resultados entre las 8 a 16 semanas de su aplicaci\u00f3n<\/li>\n<\/ul>\n<h3><strong>Web Performance Optimization<\/strong><\/h3>\n<ul>\n<li>Web Performance Optimization son mejoras en el rendimiento del sitio web.<\/li>\n<li>Se divide entre mejoras en el propio sitio y mejoras en la infraestructura.<\/li>\n<li>Permite que el sitio web funcione y cargue mucho m\u00e1s r\u00e1pido, mejorando las conversiones y la navegaci\u00f3n del usuario.<\/li>\n<li>Plazo de entrega 15 d\u00edas<\/li>\n<li>Resultados entre las 8 a 16 semanas de su aplicaci\u00f3n<\/li>\n<\/ul>\n<h3><strong>Optimizaci\u00f3n SEO onpage<\/strong><\/h3>\n<ul>\n<li>An\u00e1lisis de la estructura de la informaci\u00f3n del sitio (HTML, CSS, JavaScript)<\/li>\n<li>An\u00e1lisis de la estructura de contenidos.<\/li>\n<li>Ayuda con los contenidos en s\u00ed (mejoras en conceptos, palabras clave\u2026)<\/li>\n<li>Mejoras en la navegaci\u00f3n (enlaces internos), usabilidad y experiencia de usuario.<\/li>\n<li>Plazo de entrega 15 d\u00edas<\/li>\n<li>Resultados entre las 8 a 16 semanas de su aplicaci\u00f3n<\/li>\n<\/ul>\n<h3><strong>Despenalizaciones en buscadores<\/strong><\/h3>\n<ul>\n<li>An\u00e1lisis de un sitio web para detectar degradaciones, penalizaciones o baneos por parte de los buscadores.<\/li>\n<li>Se provee de la soluci\u00f3n t\u00e9cnica para corregir esta problem\u00e1tica.<\/li>\n<li>Plazo de entrega 15 d\u00edas<\/li>\n<li>Resultados entre las 2 a 8 semanas de su aplicaci\u00f3n<\/li>\n<\/ul>\n<p>&nbsp;<\/p>\n","protected":false},"excerpt":{"rendered":"<p>Buenas pr\u00e1cticas en buscadores Establecer las bases m\u00ednimas requeridas por los motores de b\u00fasqueda. Verificar que se cumplen las buenas pr\u00e1cticas que recomiendan los buscadores. Informe poco traum\u00e1tico a nivel t\u00e9cnico Aporta cantidades de tr\u00e1fico interesantes. Auditor\u00eda que se centra &hellip; <a href=\"https:\/\/aiglesias.com\/?page_id=2610\">Sigue leyendo <span class=\"meta-nav\">&rarr;<\/span><\/a><\/p>\n","protected":false},"author":1,"featured_media":0,"parent":2616,"menu_order":0,"comment_status":"open","ping_status":"open","template":"","meta":{"footnotes":""},"class_list":["post-2610","page","type-page","status-publish","hentry"],"jetpack_shortlink":"https:\/\/wp.me\/P1W0Q6-G6","jetpack_sharing_enabled":true,"jetpack_likes_enabled":true,"jetpack-related-posts":[],"_links":{"self":[{"href":"https:\/\/aiglesias.com\/index.php?rest_route=\/wp\/v2\/pages\/2610","targetHints":{"allow":["GET"]}}],"collection":[{"href":"https:\/\/aiglesias.com\/index.php?rest_route=\/wp\/v2\/pages"}],"about":[{"href":"https:\/\/aiglesias.com\/index.php?rest_route=\/wp\/v2\/types\/page"}],"author":[{"embeddable":true,"href":"https:\/\/aiglesias.com\/index.php?rest_route=\/wp\/v2\/users\/1"}],"replies":[{"embeddable":true,"href":"https:\/\/aiglesias.com\/index.php?rest_route=%2Fwp%2Fv2%2Fcomments&post=2610"}],"version-history":[{"count":6,"href":"https:\/\/aiglesias.com\/index.php?rest_route=\/wp\/v2\/pages\/2610\/revisions"}],"predecessor-version":[{"id":4708,"href":"https:\/\/aiglesias.com\/index.php?rest_route=\/wp\/v2\/pages\/2610\/revisions\/4708"}],"up":[{"embeddable":true,"href":"https:\/\/aiglesias.com\/index.php?rest_route=\/wp\/v2\/pages\/2616"}],"wp:attachment":[{"href":"https:\/\/aiglesias.com\/index.php?rest_route=%2Fwp%2Fv2%2Fmedia&parent=2610"}],"curies":[{"name":"wp","href":"https:\/\/api.w.org\/{rel}","templated":true}]}}