{"id":2619,"date":"2013-05-06T19:24:09","date_gmt":"2013-05-06T19:24:09","guid":{"rendered":"http:\/\/aiglesias.com\/?page_id=2619"},"modified":"2016-09-28T07:36:56","modified_gmt":"2016-09-28T07:36:56","slug":"gestion-de-dominios","status":"publish","type":"page","link":"https:\/\/aiglesias.com\/?page_id=2619","title":{"rendered":"Gesti\u00f3n de dominios"},"content":{"rendered":"<p>Registrar un dominio es esencial para proteger tu identidad online y llevar a cabo tu proyecto web.<\/p>\n<div>\n<div>\n<h3><strong>\u00bfQu\u00e9 es un dominio?<\/strong><\/h3>\n<\/div>\n<div>\n<p>Un dominio es el nombre que identifica a una p\u00e1gina web: <strong>www.tus-dominios.es<\/strong>. Cada dominio en Internet es \u00fanico, por eso es imprescindible hacer una buena elecci\u00f3n del mismo. Al fin y al cabo, un dominio es algo m\u00e1s que un simple nombre, ya que es la base de tu identidad en Internet.<\/p>\n<div>\n<div>\n<h3><strong>\u00bfQu\u00e9 extensi\u00f3n de dominio es la m\u00e1s adecuada?<\/strong><\/h3>\n<\/div>\n<div>\n<p>Puedes escoger para tu nombre de dominio entre diferentes TLDs (Top Level Domains) o dominios de nivel superior (.es). Los TLDs m\u00e1s comunes son .com, .es, .net o .org. Las extensiones o TLDs nacionales, como .es para Espa\u00f1a, se asocian a un pa\u00eds concreto, mientras que otras extensiones gen\u00e9ricas como .org, o .com se asocian a un tipo de p\u00e1gina web m\u00e1s corporativa o universal. Te aconsejamos que registres la extensi\u00f3n que mejor se adapte a tus necesidades. Adem\u00e1s, es importante que el nombre de dominio que elijas guarde relaci\u00f3n con el tema de la web para que sea f\u00e1cil de recordar y los usuarios de Internet puedan encontrar tu p\u00e1gina f\u00e1cilmente.<\/p>\n<div>\n<h3><strong>Transferencia de dominios<\/strong><\/h3>\n<p>\u00bfTienes dominios contratados con otro proveedor?<\/p>\n<p>\u00a1Transfi\u00e9relos\u00a0 y te los gestionamos f\u00e1cilmente y sin ning\u00fan coste adicional! Con tu domino conseguir\u00e1s:<\/p>\n<\/div>\n<div>\n<ul>\n<li>Una buena gesti\u00f3n<\/li>\n<li>Una cuenta de correo, 5 MB de espacio web<\/li>\n<\/ul>\n<p>Si quieres puedes buscar enlaces desde el siguiente banner<br \/>\n<a href=\"http:\/\/www.1and1.es\/alojamiento-web?kwk=161413924&#038;ac=OM.WE.WE930K244542B7030a\" target=\"_blank\" rel=\"noopener\"><img decoding=\"async\" src=\"http:\/\/adimg.uimserv.net\/1und1\/KWK\/Classic-Hosting\/ES\/NewHosting_kwk_es_728x90.gif\"\/><\/a><\/p>\n<\/div>\n<p>&nbsp;<\/p>\n<\/div>\n<\/div>\n<\/div>\n<\/div>\n","protected":false},"excerpt":{"rendered":"<p>Registrar un dominio es esencial para proteger tu identidad online y llevar a cabo tu proyecto web. \u00bfQu\u00e9 es un dominio? Un dominio es el nombre que identifica a una p\u00e1gina web: www.tus-dominios.es. Cada dominio en Internet es \u00fanico, por &hellip; <a href=\"https:\/\/aiglesias.com\/?page_id=2619\">Sigue leyendo <span class=\"meta-nav\">&rarr;<\/span><\/a><\/p>\n","protected":false},"author":1,"featured_media":0,"parent":2616,"menu_order":0,"comment_status":"open","ping_status":"open","template":"","meta":{"jetpack_post_was_ever_published":false,"footnotes":""},"class_list":["post-2619","page","type-page","status-publish","hentry"],"jetpack_shortlink":"https:\/\/wp.me\/P1W0Q6-Gf","jetpack_sharing_enabled":true,"jetpack_likes_enabled":true,"jetpack-related-posts":[],"_links":{"self":[{"href":"https:\/\/aiglesias.com\/index.php?rest_route=\/wp\/v2\/pages\/2619","targetHints":{"allow":["GET"]}}],"collection":[{"href":"https:\/\/aiglesias.com\/index.php?rest_route=\/wp\/v2\/pages"}],"about":[{"href":"https:\/\/aiglesias.com\/index.php?rest_route=\/wp\/v2\/types\/page"}],"author":[{"embeddable":true,"href":"https:\/\/aiglesias.com\/index.php?rest_route=\/wp\/v2\/users\/1"}],"replies":[{"embeddable":true,"href":"https:\/\/aiglesias.com\/index.php?rest_route=%2Fwp%2Fv2%2Fcomments&post=2619"}],"version-history":[{"count":6,"href":"https:\/\/aiglesias.com\/index.php?rest_route=\/wp\/v2\/pages\/2619\/revisions"}],"predecessor-version":[{"id":9088,"href":"https:\/\/aiglesias.com\/index.php?rest_route=\/wp\/v2\/pages\/2619\/revisions\/9088"}],"up":[{"embeddable":true,"href":"https:\/\/aiglesias.com\/index.php?rest_route=\/wp\/v2\/pages\/2616"}],"wp:attachment":[{"href":"https:\/\/aiglesias.com\/index.php?rest_route=%2Fwp%2Fv2%2Fmedia&parent=2619"}],"curies":[{"name":"wp","href":"https:\/\/api.w.org\/{rel}","templated":true}]}}