{"id":5,"date":"2010-11-17T17:38:41","date_gmt":"2010-11-17T17:38:41","guid":{"rendered":"http:\/\/www.aiglesias.com\/?page_id=2"},"modified":"2010-11-17T17:38:41","modified_gmt":"2010-11-17T17:38:41","slug":"acerca-de","status":"publish","type":"page","link":"https:\/\/aiglesias.com\/?page_id=5","title":{"rendered":"Acerca de"},"content":{"rendered":"<p>Vivo en Palma de Mallorca , trabajo como inform\u00e1tico y freelance, soy un apasionado de la tecnolog\u00eda y me gustan los terminales de Nokia  por sus posibilidades,este blog es mi peque\u00f1a contribuci\u00f3n en espa\u00f1ol a este mundillo .Espero que te guste.Si tienes alg\u00fan producto que creas interesante no dudes en ponerte en contacto conmigo.<\/p>\n","protected":false},"excerpt":{"rendered":"<p>Vivo en Palma de Mallorca , trabajo como inform\u00e1tico y freelance, soy un apasionado de la tecnolog\u00eda y me gustan los terminales de Nokia por sus posibilidades,este blog es mi peque\u00f1a contribuci\u00f3n en espa\u00f1ol a este mundillo .Espero que te &hellip; <a href=\"https:\/\/aiglesias.com\/?page_id=5\">Sigue leyendo <span class=\"meta-nav\">&rarr;<\/span><\/a><\/p>\n","protected":false},"author":1,"featured_media":0,"parent":0,"menu_order":0,"comment_status":"open","ping_status":"open","template":"","meta":{"jetpack_post_was_ever_published":false,"footnotes":""},"class_list":["post-5","page","type-page","status-publish","hentry"],"jetpack_shortlink":"https:\/\/wp.me\/P1W0Q6-5","jetpack_sharing_enabled":true,"jetpack_likes_enabled":true,"jetpack-related-posts":[],"_links":{"self":[{"href":"https:\/\/aiglesias.com\/index.php?rest_route=\/wp\/v2\/pages\/5","targetHints":{"allow":["GET"]}}],"collection":[{"href":"https:\/\/aiglesias.com\/index.php?rest_route=\/wp\/v2\/pages"}],"about":[{"href":"https:\/\/aiglesias.com\/index.php?rest_route=\/wp\/v2\/types\/page"}],"author":[{"embeddable":true,"href":"https:\/\/aiglesias.com\/index.php?rest_route=\/wp\/v2\/users\/1"}],"replies":[{"embeddable":true,"href":"https:\/\/aiglesias.com\/index.php?rest_route=%2Fwp%2Fv2%2Fcomments&post=5"}],"version-history":[{"count":0,"href":"https:\/\/aiglesias.com\/index.php?rest_route=\/wp\/v2\/pages\/5\/revisions"}],"wp:attachment":[{"href":"https:\/\/aiglesias.com\/index.php?rest_route=%2Fwp%2Fv2%2Fmedia&parent=5"}],"curies":[{"name":"wp","href":"https:\/\/api.w.org\/{rel}","templated":true}]}}