{"id":5998,"date":"2014-06-21T13:48:16","date_gmt":"2014-06-21T13:48:16","guid":{"rendered":"http:\/\/aiglesias.com\/?page_id=5998"},"modified":"2014-06-21T13:51:03","modified_gmt":"2014-06-21T13:51:03","slug":"una-buena-reputacion-online-en-internet-lo-es-todo","status":"publish","type":"page","link":"https:\/\/aiglesias.com\/?page_id=5998","title":{"rendered":"La reputaci\u00f3n online en internet lo es todo"},"content":{"rendered":"<div id=\"attachment_2986\" style=\"width: 450px\" class=\"wp-caption aligncenter\"><a href=\"http:\/\/aiglesias.com\/wp-content\/uploads\/2013\/05\/community-manager.jpg\"><img loading=\"lazy\" decoding=\"async\" aria-describedby=\"caption-attachment-2986\" class=\"size-full wp-image-2986\" src=\"http:\/\/aiglesias.com\/wp-content\/uploads\/2013\/05\/community-manager.jpg\" alt=\"community-manager\" width=\"440\" height=\"306\" srcset=\"https:\/\/aiglesias.com\/wp-content\/uploads\/2013\/05\/community-manager.jpg 440w, https:\/\/aiglesias.com\/wp-content\/uploads\/2013\/05\/community-manager-300x208.jpg 300w, https:\/\/aiglesias.com\/wp-content\/uploads\/2013\/05\/community-manager-148x102.jpg 148w, https:\/\/aiglesias.com\/wp-content\/uploads\/2013\/05\/community-manager-31x21.jpg 31w, https:\/\/aiglesias.com\/wp-content\/uploads\/2013\/05\/community-manager-38x26.jpg 38w, https:\/\/aiglesias.com\/wp-content\/uploads\/2013\/05\/community-manager-309x215.jpg 309w, https:\/\/aiglesias.com\/wp-content\/uploads\/2013\/05\/community-manager-431x300.jpg 431w\" sizes=\"auto, (max-width: 440px) 100vw, 440px\" \/><\/a><p id=\"caption-attachment-2986\" class=\"wp-caption-text\">community-manager<\/p><\/div>\n<p>Hoy en d\u00eda proteger la <strong>reputaci\u00f3n online<\/strong> de una empresa es tarea de profesionales. Nuestra <strong>asesor\u00eda de imagen profesional<\/strong> le proteger\u00e1 a usted y a su empresa de todos los ataques que sufra en la red. <!--more-->Para crear una imagen de marca que identifique su empresa es necesario muchos a\u00f1os de asesor\u00eda de imagen profesional, esfuerzo, trabajo e inter\u00e9s pero bastan s\u00f3lo cinco minutos para echar por tierra el trabajo y el esfuerzo de tantos a\u00f1os.<\/p>\n<p>Hoy en d\u00eda cualquier persona (competencia, clientes insatisfechos, ex- empleados, enemistades, etc.) puede perjudicar la reputaci\u00f3n online de su empresa con sus comentarios en la red. Y esto da\u00f1a notablemente su <strong>imagen<\/strong> y sus ventas.<\/p>\n<p>Los malos comentarios y opiniones corren como la p\u00f3lvora por la red, lleg\u00e1ndose a crear foros, blogs, etc\u00e9tera, en los cuales los usuarios opinan sobre usted y crean reputaci\u00f3n online.<\/p>\n<p>Hoy en d\u00eda se sabe que cualquier usuario que vaya a adquirir un producto antes mira en Internet la opini\u00f3n de sus usuarios y si encuentra cualquier indicio negativo se echa para atr\u00e1s afectando as\u00ed a sus <strong>ventas<\/strong>.<\/p>\n<p>Los comentarios negativos en Internet tambi\u00e9n afectan a su posicionamiento ya que Google tiene muy en cuenta la opini\u00f3n de sus usuarios y si estos hablan mal de usted por la red, Google le penalizar\u00e1 por ello.<br \/>\nTambi\u00e9n podemos informarle de lo que se dice de su competencia, para que tenga una m\u00e1xima ventaja respecto a ella, pudi\u00e9ndose siempre adelantar a los acontecimientos y teniendo una ventaja significativa por ello.<\/p>\n<p>&nbsp;<\/p>\n<ul>\n<li>Le haremos una <strong>auditor\u00eda<\/strong> para saber todo lo necesario para que su reputaci\u00f3n online sea la mejor posible<\/li>\n<li>Pondremos un servicio de vigilancia las 24 horas<\/li>\n<li>Le ofreceremos tambi\u00e9n la opini\u00f3n de los usuarios sobre su competencia, pudiendo saber lo mismo o m\u00e1s que ellos y as\u00ed estar un paso por delante.<\/li>\n<\/ul>\n<p><strong>\u00a1LA INFORMACI\u00d3N ES PODER!<\/strong><\/p>\n<div data-test='contact-form'\n\t\t\tid='contact-form-5998'\n\t\t\tclass='jetpack-contact-form-container '\n\t\t\tdata-wp-interactive='jetpack\/form' data-wp-context='{\"formId\":\"5998\",\"formHash\":\"183e29e3f14f68f31fa95f931cd5740f82cbbcd2\",\"showErrors\":false,\"errors\":[],\"fields\":[],\"isMultiStep\":false,\"useAjax\":true,\"submissionData\":null,\"formattedSubmissionData\":[],\"submissionSuccess\":false,\"submissionError\":null,\"elementId\":\"jp-form-183e29e3f14f68f31fa95f931cd5740f82cbbcd2\",\"isSingleInputForm\":false,\"isForcedHorizontal\":false}'\n\t\t\tdata-wp-watch--scroll-to-wrapper=\"callbacks.scrollToWrapper\"\n\t\t>\n<div class=\"contact-form-submission contact-form-ajax-submission\" data-wp-bind--aria-hidden=\"state.isSuccessMessageAriaHidden\" data-wp-class--submission-success=\"context.submissionSuccess\" id=\"contact-form-success-183e29e3f14f68f31fa95f931cd5740f82cbbcd2\" tabindex=\"-1\" aria-labelledby=\"contact-form-success-header-183e29e3f14f68f31fa95f931cd5740f82cbbcd2\"><p class=\"go-back-message\"><a class=\"link\" role=\"button\" tabindex=\"0\" data-wp-on--click=\"actions.goBack\" href=\"\/index.php?rest_route=%2Fwp%2Fv2%2Fpages%2F5998\">\u2190 Volver<\/a><\/p><h4 data-wp-bind--aria-hidden=\"state.isSuccessMessageAriaHidden\" id=\"contact-form-success-header-183e29e3f14f68f31fa95f931cd5740f82cbbcd2\">Gracias por tu respuesta. \u2728<\/h4>\n\n<template data-wp-each--submission=\"context.formattedSubmissionData\">\n\t\t\t\t\t<div class=\"jetpack_forms_contact-form-success-summary\">\n\t\t\t\t\t\t<div class=\"field-name-wrapper\">\n\t\t\t\t\t\t\t<div class=\"field-type-icon\" data-wp-watch=\"callbacks.watchFieldTypeIcon\"><\/div>\n\t\t\t\t\t\t\t<div class=\"field-name\" data-wp-text=\"context.submission.label\" data-wp-bind--hidden=\"!context.submission.label\"><\/div>\n\t\t\t\t\t\t<\/div>\n\t\t\t\t\t\t<div class=\"field-value\" data-wp-text=\"context.submission.value\" data-wp-bind--hidden=\"!context.submission.showPlainValue\"><\/div>\n\t\t\t\t\t\t<a class=\"field-url\" data-wp-bind--href=\"context.submission.url\" data-wp-text=\"context.submission.value\" data-wp-bind--hidden=\"!context.submission.url\" target=\"_blank\" rel=\"noopener noreferrer\"><\/a>\n\t\t\t\t\t\t<div class=\"field-rating\" data-wp-bind--hidden=\"!context.submission.rating\" data-wp-watch=\"callbacks.watchRatingIcons\"><\/div>\n\t\t\t\t\t\t<div class=\"field-images\" data-wp-bind--hidden=\"!context.submission.images\">\n\t\t\t\t\t\t\t<template data-wp-each--image=\"context.submission.images\">\n\t\t\t\t\t\t\t\t<div class=\"field-image-option\" data-wp-class--is-empty=\"!context.image.src\">\n\t\t\t\t\t\t\t\t\t<figure class=\"field-image-option__image\" data-wp-class--is-empty=\"!context.image.src\">\n\t\t\t\t\t\t\t\t\t\t<img data-wp-bind--src=\"context.image.src\" data-wp-bind--hidden=\"!context.image.src\" \/>\n\t\t\t\t\t\t\t\t\t\t<img decoding=\"async\" src=\"data:image\/gif;base64,R0lGODlhAQABAAD\/ACwAAAAAAQABAAACADs=\" data-wp-bind--hidden=\"context.image.src\" \/>\n\t\t\t\t\t\t\t\t\t<\/figure>\n\t\t\t\t\t\t\t\t\t<div class=\"field-image-option__label-wrapper\">\n\t\t\t\t\t\t\t\t\t\t<span class=\"field-image-option__label-code\" data-wp-text=\"context.image.letterCode\"><\/span>\n\t\t\t\t\t\t\t\t\t\t<span class=\"field-image-option__label\" data-wp-text=\"context.image.label\" data-wp-bind--hidden=\"!context.image.label\"><\/span>\n\t\t\t\t\t\t\t\t\t<\/div>\n\t\t\t\t\t\t\t\t<\/div>\n\t\t\t\t\t\t\t<\/template>\n\t\t\t\t\t\t<\/div>\n\t\t\t\t\t\t<div class=\"field-files\" data-wp-bind--hidden=\"!context.submission.files\">\n\t\t\t\t\t\t\t<template data-wp-each--file=\"context.submission.files\">\n\t\t\t\t\t\t\t\t<div class=\"field-file\">\n\t\t\t\t\t\t\t\t\t<div class=\"field-file__thumbnail\" data-wp-style--background-image=\"context.file.previewUrl\" data-wp-style--mask-image=\"context.file.iconUrl\" data-wp-bind--hidden=\"!context.file.hasPreview\"><\/div>\n\t\t\t\t\t\t\t\t\t<svg class=\"field-file__icon\" data-wp-bind--hidden=\"context.file.hasPreview\" width=\"20\" height=\"20\" viewBox=\"0 0 24 24\" fill=\"none\" xmlns=\"http:\/\/www.w3.org\/2000\/svg\" aria-hidden=\"true\">\n\t\t\t\t\t\t\t\t\t\t<path d=\"M14 2H6C4.9 2 4 2.9 4 4V20C4 21.1 4.89 22 5.99 22H18C19.1 22 20 21.1 20 20V8L14 2ZM18 20H6V4H13V9H18V20Z\" fill=\"currentColor\"\/>\n\t\t\t\t\t\t\t\t\t<\/svg>\n\t\t\t\t\t\t\t\t\t<span class=\"field-file__name\" data-wp-text=\"context.file.name\"><\/span>\n\t\t\t\t\t\t\t\t\t<span class=\"field-file__size\" data-wp-text=\"context.file.size\"><\/span>\n\t\t\t\t\t\t\t\t<\/div>\n\t\t\t\t\t\t\t<\/template>\n\t\t\t\t\t\t<\/div>\n\t\t\t\t\t<\/div>\n\t\t\t\t<\/template><\/div><form action='https:\/\/aiglesias.com\/?page_id=5998'\n\t\t\t\tid='jp-form-183e29e3f14f68f31fa95f931cd5740f82cbbcd2'\n\t\t\t\tmethod='post'\n\t\t\t\tclass='contact-form commentsblock jetpack-contact-form__form has-no-jetpack-form-layout' aria-label=\"La reputaci\u00f3n online en internet lo es todo\"\n\t\t\t\tdata-wp-on--submit=\"actions.onFormSubmit\"\n\t\t\t\tdata-wp-on--reset=\"actions.onFormReset\"\n\t\t\t\tdata-wp-class--submission-success=\"context.submissionSuccess\"\n\t\t\t\tdata-wp-class--is-first-step=\"state.isFirstStep\"\n\t\t\t\tdata-wp-class--is-last-step=\"state.isLastStep\"\n\t\t\t\tdata-wp-class--is-ajax-form=\"context.useAjax\"\n\t\t\t\tnovalidate >\n<input type='hidden' name='jetpack_contact_form_jwt' value='eyJ0eXAiOiJKV1QiLCJhbGciOiJIUzI1NiJ9.eyJlbmNyeXB0ZWRfYXR0cmlidXRlcyI6ImxCZkZ5eWZNWGt3a01KRk1qbnI4YVgwM2cyL1ZZa3RaVjNDRndlVGRIZjlWRUt1RmljVTE0U0R2THQ0QTFUV3dwWHVOc2NJc0JGaVZMTDB4bzNDcExCYy9ONkl1SEQrTjl4V0h5ZEVlM3JGWHhmQk9BM0ZnYWFkU0wyTG9kUEQvYlg1SkRmUGFPVjFPQU9PcjMwREwzZ2FvR2pzbnFKQU1XL3lhME54aVdXR1Q5L1hzcHNhcnFuVURWODZ6amdSeFd5c2s0SVpKL09lcWowVEZleTFYeGh2VUxPNHBSYXJKR3NkVVV0RjRNdWJmSGRMUVN1VlRJZnEwWG5WTmtsWjBKeFBZQk8rMEtwbThLOWpZSFAyWWc2RmlFdEZBRGN0OVdPWVdTQzBLUUxmamtJZi9RczVKWldtQWplQmk0UXpFMkYvTTNkeFA5dk9XTXlocDI1RTdHSWFva1Noc2F2QWtkTFYzWk82ZG1DM1JzZFlnM1h2QWN4TStnL1lwSzFvUHhkaG1WRUVBTEE1R1ZEZGRBVUhnblR1RnFwbE9PeE40SGh1NjcwOXMxK0tpV2pHS1J2M3kwVDdrR2ZNMTBqYTdRUTlLMURMMjhMU2J3UU1weEZ3UGVuNDJUOTd6ZndBVlhMSlJRbEliM2xYM3djOGcybllrU3hmNXYxaS9GRWMrNmhyeUEzcldPTEM3U3hTZkM5MWcxYXg3NTRsWEdqSTcwSHhFM2Z3NW9mQUhQS1BKVnhXVVFSZHppRVZMM2t3UzVaNHhLU2p6R1lGY3U2Z1RLQ3E4VW5aQTlZZGJMUjM4dFp4b0NHdzhLZVJueE51SC85cUl1Y0RzU0Rsa0tOZUJsTFdSOHZETjBFcFBQZEd4SGNpaU5pcEFqcmF4RDhKSkUyRG9wNmVreFFpbG55blBzTlM5OTljV1RFL3RxNHF3cWU5Y1lrc1NEL3FRTHB1NXZWUWZrdmJ4bnFldG9GREZsWHpwVFBTdk83Y0dVbm5ib3ZNeEVWZEtnKzRhM0prdEN4MTJGZGo1VUdORUtpVzVDa1EzRk1QdlBBZFFKbjM2dUhiUGhuMVNCcVUxWWFRRTROL3FZYjNjWWlkQWhvSVV4VmxJU0Nyb0xhR3J5KzZ6QU4rSjZMQ1VIdEc4Z0J1Tjk4ZVgzanV4M2FuT1Z6ZDdESDlEMGExbW1EOW5KTTlMR2p6SnhmMGlYdTI0bkpseW40M2U3ZWlBIiwiY29udGVudCI6Iltjb250YWN0LWZpZWxkIGxhYmVsPSdOb21icmUnIHR5cGU9J25hbWUnIHJlcXVpcmVkPScxJy9dW2NvbnRhY3QtZmllbGQgbGFiZWw9J0VtYWlsJyB0eXBlPSdlbWFpbCcgcmVxdWlyZWQ9JzEnL11bY29udGFjdC1maWVsZCBsYWJlbD0nU2l0aW8gV2ViJyB0eXBlPSd1cmwnL11bY29udGFjdC1maWVsZCBsYWJlbD0nQ29tZW50YXJpbycgdHlwZT0ndGV4dGFyZWEnIHJlcXVpcmVkPScxJy9dIiwiaGFzaCI6IjE4M2UyOWUzZjE0ZjY4ZjMxZmE5NWY5MzFjZDU3NDBmODJjYmJjZDIiLCJzb3VyY2UiOnsiZW50cnlfdGl0bGUiOiJMYSByZXB1dGFjaVx1MDBmM24gb25saW5lIGVuIGludGVybmV0IGxvIGVzIHRvZG8iLCJlbnRyeV9wYWdlIjoxLCJzb3VyY2VfaWQiOjU5OTgsInNvdXJjZV90eXBlIjoic2luZ2xlIiwicmVxdWVzdF91cmwiOiJodHRwczovL2FpZ2xlc2lhcy5jb20ifSwidmVyc2lvbiI6MiwiY2lwaGVyIjoiYWVzLTI1Ni1nY20ifQ.ILkUb_gP7FDFPArzzWxUSEvTe25L4MWNZaHBX1k-MCc' \/>\n\n<div style=\"\"  data-wp-interactive=\"jetpack\/form\" data-wp-context='{\"fieldId\":\"g5998-nombre\",\"fieldType\":\"name\",\"fieldLabel\":\"Nombre\",\"fieldValue\":\"\",\"fieldPlaceholder\":\"\",\"fieldIsRequired\":\"1\",\"fieldErrorMessage\":\"\",\"fieldExtra\":[],\"formHash\":\"183e29e3f14f68f31fa95f931cd5740f82cbbcd2\"}'  class='grunion-field-name-wrap grunion-field-wrap'  data-wp-init='callbacks.initializeField' data-wp-on--jetpack-form-reset='callbacks.initializeField' >\n<label\n\t\t\t\tfor='g5998-nombre' class=\"grunion-field-label name\" >Nombre<span class=\"grunion-label-required\" aria-hidden=\"true\">(obligatorio)<\/span><\/label>\n<input\n\t\t\t\t\ttype='text'\n\t\t\t\t\tname='g5998-nombre'\n\t\t\t\t\tid='g5998-nombre'\n\t\t\t\t\tvalue=''\n\n\t\t\t\t\tdata-wp-bind--aria-invalid='state.fieldAriaInvalid'\n\t\t\t\t\tdata-wp-bind--value='state.getFieldValue'\n\t\t\t\t\taria-describedby='g5998-nombre-text-error-message'\n\t\t\t\t\tdata-wp-on--input='actions.onFieldChange'\n\t\t\t\t\tdata-wp-on--blur='actions.onFieldBlur'\n\t\t\t\t\tdata-wp-class--has-value='state.hasFieldValue'\n\n\t\t\t\t\tclass='name  grunion-field' \n\t\t\t\t\trequired='true' aria-required='true'  \/>\n \n\t\t\t<div id=\"g5998-nombre-text-error\" class=\"contact-form__input-error\" data-wp-class--has-errors=\"state.fieldHasErrors\">\n\t\t\t\t<span class=\"contact-form__warning-icon\" aria-hidden=\"true\">\n\t\t\t\t\t<svg width=\"16\" height=\"16\" viewBox=\"0 0 16 16\" fill=\"none\" xmlns=\"http:\/\/www.w3.org\/2000\/svg\">\n\t\t\t\t\t\t<path d=\"M8.50015 11.6402H7.50015V10.6402H8.50015V11.6402Z\" \/>\n\t\t\t\t\t\t<path d=\"M7.50015 9.64018H8.50015V6.30684H7.50015V9.64018Z\" \/>\n\t\t\t\t\t\t<path fill-rule=\"evenodd\" clip-rule=\"evenodd\" d=\"M6.98331 3.0947C7.42933 2.30177 8.57096 2.30177 9.01698 3.09469L13.8771 11.7349C14.3145 12.5126 13.7525 13.4735 12.8602 13.4735H3.14004C2.24774 13.4735 1.68575 12.5126 2.12321 11.7349L6.98331 3.0947ZM8.14541 3.58496C8.08169 3.47168 7.9186 3.47168 7.85488 3.58496L2.99478 12.2251C2.93229 12.3362 3.01257 12.4735 3.14004 12.4735H12.8602C12.9877 12.4735 13.068 12.3362 13.0055 12.2251L8.14541 3.58496Z\" \/>\n\t\t\t\t\t<\/svg>\n\t\t\t\t<\/span>\n\t\t\t\t<span data-wp-text=\"state.errorMessage\" id=\"g5998-nombre-text-error-message\"><\/span>\n\t\t\t<\/div> \n\t<\/div>\n\n<div style=\"\"  data-wp-interactive=\"jetpack\/form\" data-wp-context='{\"fieldId\":\"g5998-email\",\"fieldType\":\"email\",\"fieldLabel\":\"Email\",\"fieldValue\":\"\",\"fieldPlaceholder\":\"\",\"fieldIsRequired\":\"1\",\"fieldErrorMessage\":\"\",\"fieldExtra\":[],\"formHash\":\"183e29e3f14f68f31fa95f931cd5740f82cbbcd2\"}'  class='grunion-field-email-wrap grunion-field-wrap'  data-wp-init='callbacks.initializeField' data-wp-on--jetpack-form-reset='callbacks.initializeField' >\n<label\n\t\t\t\tfor='g5998-email' class=\"grunion-field-label email\" >Email<span class=\"grunion-label-required\" aria-hidden=\"true\">(obligatorio)<\/span><\/label>\n<input\n\t\t\t\t\ttype='email'\n\t\t\t\t\tname='g5998-email'\n\t\t\t\t\tid='g5998-email'\n\t\t\t\t\tvalue=''\n\n\t\t\t\t\tdata-wp-bind--aria-invalid='state.fieldAriaInvalid'\n\t\t\t\t\tdata-wp-bind--value='state.getFieldValue'\n\t\t\t\t\taria-describedby='g5998-email-email-error-message'\n\t\t\t\t\tdata-wp-on--input='actions.onFieldChange'\n\t\t\t\t\tdata-wp-on--blur='actions.onFieldBlur'\n\t\t\t\t\tdata-wp-class--has-value='state.hasFieldValue'\n\n\t\t\t\t\tclass='email  grunion-field' \n\t\t\t\t\trequired='true' aria-required='true'  \/>\n \n\t\t\t<div id=\"g5998-email-email-error\" class=\"contact-form__input-error\" data-wp-class--has-errors=\"state.fieldHasErrors\">\n\t\t\t\t<span class=\"contact-form__warning-icon\" aria-hidden=\"true\">\n\t\t\t\t\t<svg width=\"16\" height=\"16\" viewBox=\"0 0 16 16\" fill=\"none\" xmlns=\"http:\/\/www.w3.org\/2000\/svg\">\n\t\t\t\t\t\t<path d=\"M8.50015 11.6402H7.50015V10.6402H8.50015V11.6402Z\" \/>\n\t\t\t\t\t\t<path d=\"M7.50015 9.64018H8.50015V6.30684H7.50015V9.64018Z\" \/>\n\t\t\t\t\t\t<path fill-rule=\"evenodd\" clip-rule=\"evenodd\" d=\"M6.98331 3.0947C7.42933 2.30177 8.57096 2.30177 9.01698 3.09469L13.8771 11.7349C14.3145 12.5126 13.7525 13.4735 12.8602 13.4735H3.14004C2.24774 13.4735 1.68575 12.5126 2.12321 11.7349L6.98331 3.0947ZM8.14541 3.58496C8.08169 3.47168 7.9186 3.47168 7.85488 3.58496L2.99478 12.2251C2.93229 12.3362 3.01257 12.4735 3.14004 12.4735H12.8602C12.9877 12.4735 13.068 12.3362 13.0055 12.2251L8.14541 3.58496Z\" \/>\n\t\t\t\t\t<\/svg>\n\t\t\t\t<\/span>\n\t\t\t\t<span data-wp-text=\"state.errorMessage\" id=\"g5998-email-email-error-message\"><\/span>\n\t\t\t<\/div> \n\t<\/div>\n\n<div style=\"\"  data-wp-interactive=\"jetpack\/form\" data-wp-context='{\"fieldId\":\"g5998-sitioweb\",\"fieldType\":\"url\",\"fieldLabel\":\"Sitio Web\",\"fieldValue\":\"\",\"fieldPlaceholder\":\"\",\"fieldIsRequired\":\"\",\"fieldErrorMessage\":\"\",\"fieldExtra\":[],\"formHash\":\"183e29e3f14f68f31fa95f931cd5740f82cbbcd2\"}'  class='grunion-field-url-wrap grunion-field-wrap'  data-wp-init='callbacks.initializeField' data-wp-on--jetpack-form-reset='callbacks.initializeField' >\n<label\n\t\t\t\tfor='g5998-sitioweb' class=\"grunion-field-label url\" >Sitio Web<\/label>\n<input\n\t\t\t\t\ttype='text'\n\t\t\t\t\tname='g5998-sitioweb'\n\t\t\t\t\tid='g5998-sitioweb'\n\t\t\t\t\tvalue=''\n\n\t\t\t\t\tdata-wp-bind--aria-invalid='state.fieldAriaInvalid'\n\t\t\t\t\tdata-wp-bind--value='state.getFieldValue'\n\t\t\t\t\taria-describedby='g5998-sitioweb-text-error-message'\n\t\t\t\t\tdata-wp-on--input='actions.onFieldChange'\n\t\t\t\t\tdata-wp-on--blur='actions.onFieldBlur'\n\t\t\t\t\tdata-wp-class--has-value='state.hasFieldValue'\n\n\t\t\t\t\tclass='url  grunion-field' \n\t\t\t\t\t \/>\n \n\t\t\t<div id=\"g5998-sitioweb-text-error\" class=\"contact-form__input-error\" data-wp-class--has-errors=\"state.fieldHasErrors\">\n\t\t\t\t<span class=\"contact-form__warning-icon\" aria-hidden=\"true\">\n\t\t\t\t\t<svg width=\"16\" height=\"16\" viewBox=\"0 0 16 16\" fill=\"none\" xmlns=\"http:\/\/www.w3.org\/2000\/svg\">\n\t\t\t\t\t\t<path d=\"M8.50015 11.6402H7.50015V10.6402H8.50015V11.6402Z\" \/>\n\t\t\t\t\t\t<path d=\"M7.50015 9.64018H8.50015V6.30684H7.50015V9.64018Z\" \/>\n\t\t\t\t\t\t<path fill-rule=\"evenodd\" clip-rule=\"evenodd\" d=\"M6.98331 3.0947C7.42933 2.30177 8.57096 2.30177 9.01698 3.09469L13.8771 11.7349C14.3145 12.5126 13.7525 13.4735 12.8602 13.4735H3.14004C2.24774 13.4735 1.68575 12.5126 2.12321 11.7349L6.98331 3.0947ZM8.14541 3.58496C8.08169 3.47168 7.9186 3.47168 7.85488 3.58496L2.99478 12.2251C2.93229 12.3362 3.01257 12.4735 3.14004 12.4735H12.8602C12.9877 12.4735 13.068 12.3362 13.0055 12.2251L8.14541 3.58496Z\" \/>\n\t\t\t\t\t<\/svg>\n\t\t\t\t<\/span>\n\t\t\t\t<span data-wp-text=\"state.errorMessage\" id=\"g5998-sitioweb-text-error-message\"><\/span>\n\t\t\t<\/div> \n\t<\/div>\n\n<div style=\"\"  data-wp-interactive=\"jetpack\/form\" data-wp-context='{\"fieldId\":\"g5998-comentario\",\"fieldType\":\"textarea\",\"fieldLabel\":\"Comentario\",\"fieldValue\":\"\",\"fieldPlaceholder\":\"\",\"fieldIsRequired\":\"1\",\"fieldErrorMessage\":\"\",\"fieldExtra\":[],\"formHash\":\"183e29e3f14f68f31fa95f931cd5740f82cbbcd2\"}'  class='grunion-field-textarea-wrap grunion-field-wrap'  data-wp-init='callbacks.initializeField' data-wp-on--jetpack-form-reset='callbacks.initializeField' >\n<label\n\t\t\t\tfor='contact-form-comment-g5998-comentario' class=\"grunion-field-label textarea\" >Comentario<span class=\"grunion-label-required\" aria-hidden=\"true\">(obligatorio)<\/span><\/label>\n<textarea\n\t\t                style=''\n\t\t                name='g5998-comentario'\n\t\t                id='contact-form-comment-g5998-comentario'\n\t\t                rows='20'\n\t\t\t\t\t\tdata-wp-text='state.getFieldValue'\n\t\t\t\t\t\tdata-wp-on--input='actions.onFieldChange'\n\t\t\t\t\t\tdata-wp-on--blur='actions.onFieldBlur'\n\t\t\t\t\t\tdata-wp-class--has-value='state.hasFieldValue'\n\t\t\t\t\t\taria-describedby='g5998-comentario-textarea-error-message'\n\t\t\t\t\t\tdata-wp-bind--aria-invalid='state.fieldAriaInvalid'\n\t\t\t\t\t\tclass='textarea  grunion-field'  required aria-required='true'><\/textarea>\n \n\t\t\t<div id=\"g5998-comentario-textarea-error\" class=\"contact-form__input-error\" data-wp-class--has-errors=\"state.fieldHasErrors\">\n\t\t\t\t<span class=\"contact-form__warning-icon\" aria-hidden=\"true\">\n\t\t\t\t\t<svg width=\"16\" height=\"16\" viewBox=\"0 0 16 16\" fill=\"none\" xmlns=\"http:\/\/www.w3.org\/2000\/svg\">\n\t\t\t\t\t\t<path d=\"M8.50015 11.6402H7.50015V10.6402H8.50015V11.6402Z\" \/>\n\t\t\t\t\t\t<path d=\"M7.50015 9.64018H8.50015V6.30684H7.50015V9.64018Z\" \/>\n\t\t\t\t\t\t<path fill-rule=\"evenodd\" clip-rule=\"evenodd\" d=\"M6.98331 3.0947C7.42933 2.30177 8.57096 2.30177 9.01698 3.09469L13.8771 11.7349C14.3145 12.5126 13.7525 13.4735 12.8602 13.4735H3.14004C2.24774 13.4735 1.68575 12.5126 2.12321 11.7349L6.98331 3.0947ZM8.14541 3.58496C8.08169 3.47168 7.9186 3.47168 7.85488 3.58496L2.99478 12.2251C2.93229 12.3362 3.01257 12.4735 3.14004 12.4735H12.8602C12.9877 12.4735 13.068 12.3362 13.0055 12.2251L8.14541 3.58496Z\" \/>\n\t\t\t\t\t<\/svg>\n\t\t\t\t<\/span>\n\t\t\t\t<span data-wp-text=\"state.errorMessage\" id=\"g5998-comentario-textarea-error-message\"><\/span>\n\t\t\t<\/div>\n\t<\/div>\n\t<p class='contact-submit'>\n<div class=\"contact-form__error\" data-wp-class--show-errors=\"state.showFormErrors\"><span class=\"contact-form__warning-icon\" aria-hidden=\"true\"><i><\/i><\/span><span class=\"contact-form__error-message\" tabindex=\"-1\" data-wp-watch=\"callbacks.focusOnValidationError\" data-wp-text=\"state.getFormErrorMessage\"><\/span><ul aria-label=\"Errores del formulario\">\n\t\t\t\t<template data-wp-each=\"state.getErrorList\" data-wp-key=\"context.item.id\">\n\t\t\t\t\t<li><a data-wp-bind--href=\"context.item.anchor\" data-wp-on--click=\"actions.scrollIntoView\" data-wp-text=\"context.item.label\"><\/a><\/li>\n\t\t\t\t<\/template>\n\t\t\t\t<\/ul><\/div><div class=\"contact-form__error\" data-wp-class--show-errors=\"state.showSubmissionError\" data-wp-text=\"context.submissionError\" tabindex=\"-1\" data-wp-watch=\"callbacks.focusOnSubmissionError\"><\/div>\t\t<button type='submit' class='pushbutton-wide'>Enviar<\/button>\t\t<input type='hidden' name='contact-form-id' value='5998' \/>\n\t\t<input type='hidden' name='action' value='grunion-contact-form' \/>\n\t\t<input type='hidden' name='contact-form-hash' value='183e29e3f14f68f31fa95f931cd5740f82cbbcd2' \/>\n\t<\/p>\n<p style=\"display: none !important;\" class=\"akismet-fields-container\" data-prefix=\"ak_\"><label>&#916;<textarea name=\"ak_hp_textarea\" cols=\"45\" rows=\"8\" maxlength=\"100\"><\/textarea><\/label><input type=\"hidden\" id=\"ak_js_1\" name=\"ak_js\" value=\"143\"\/><script type=\"text\/javascript\">\n\/* <![CDATA[ *\/\ndocument.getElementById( \"ak_js_1\" ).setAttribute( \"value\", ( new Date() ).getTime() );\n\/* ]]> *\/\n<\/script>\n<\/p><\/form>\n<\/div>\n","protected":false},"excerpt":{"rendered":"<p>Hoy en d\u00eda proteger la reputaci\u00f3n online de una empresa es tarea de profesionales. Nuestra asesor\u00eda de imagen profesional le proteger\u00e1 a usted y a su empresa de todos los ataques que sufra en la red.<\/p>\n","protected":false},"author":1,"featured_media":0,"parent":2616,"menu_order":0,"comment_status":"open","ping_status":"open","template":"","meta":{"footnotes":""},"class_list":["post-5998","page","type-page","status-publish","hentry"],"jetpack_shortlink":"https:\/\/wp.me\/P1W0Q6-1yK","jetpack_sharing_enabled":true,"jetpack_likes_enabled":true,"jetpack-related-posts":[],"_links":{"self":[{"href":"https:\/\/aiglesias.com\/index.php?rest_route=\/wp\/v2\/pages\/5998","targetHints":{"allow":["GET"]}}],"collection":[{"href":"https:\/\/aiglesias.com\/index.php?rest_route=\/wp\/v2\/pages"}],"about":[{"href":"https:\/\/aiglesias.com\/index.php?rest_route=\/wp\/v2\/types\/page"}],"author":[{"embeddable":true,"href":"https:\/\/aiglesias.com\/index.php?rest_route=\/wp\/v2\/users\/1"}],"replies":[{"embeddable":true,"href":"https:\/\/aiglesias.com\/index.php?rest_route=%2Fwp%2Fv2%2Fcomments&post=5998"}],"version-history":[{"count":4,"href":"https:\/\/aiglesias.com\/index.php?rest_route=\/wp\/v2\/pages\/5998\/revisions"}],"predecessor-version":[{"id":6003,"href":"https:\/\/aiglesias.com\/index.php?rest_route=\/wp\/v2\/pages\/5998\/revisions\/6003"}],"up":[{"embeddable":true,"href":"https:\/\/aiglesias.com\/index.php?rest_route=\/wp\/v2\/pages\/2616"}],"wp:attachment":[{"href":"https:\/\/aiglesias.com\/index.php?rest_route=%2Fwp%2Fv2%2Fmedia&parent=5998"}],"curies":[{"name":"wp","href":"https:\/\/api.w.org\/{rel}","templated":true}]}}